{"id":3,"date":"2021-03-11T17:44:17","date_gmt":"2021-03-11T16:44:17","guid":{"rendered":"https:\/\/www.africaspot.net\/?page_id=3"},"modified":"2023-02-22T18:11:00","modified_gmt":"2023-02-22T17:11:00","slug":"politique-de-confidentialite","status":"publish","type":"page","link":"https:\/\/www.africaspot.net\/index.php\/politique-de-confidentialite\/","title":{"rendered":"Mentions l\u00e9gales"},"content":{"rendered":"<h2 class=\"wp-block-heading\">Qui sommes-nous&nbsp;?<\/h2><p>L\u2019adresse de notre site est&nbsp;: https:\/\/www.africaspot.net.<\/p><p>AFRICASPOT est une marque de la soci\u00e9t\u00e9 ADIPSYS.<\/p><p>La soci\u00e9t\u00e9 Adipsys est une SAS au capital social de 133 110 euros dont le si\u00e8ge social se situe au 2405 Route des Dolines 06560 Valbonne Sophia Antipolis, France.<\/p><p>Le si\u00e8ge commercial et administratif se situe au 6 rue du 4 Septembre 92130, Issy Les Moulineaux (T\u00e9l. +33 (0) 9 67 19 22 34 \u2013 sales@adipsys.com)<\/p><p>Le num\u00e9ro SIRET de la soci\u00e9t\u00e9 Adipsys est le 49887023700027.<\/p><p>Le site www.adipsys.com est h\u00e9berg\u00e9 par la soci\u00e9t\u00e9 OVH.<\/p><p>SAS au capital de 10 069 020 \u20ac<\/p><p>Si\u00e8ge social : 2 rue Kellermann \u2013 59100 Roubaix \u2013 France<\/p><p>RCS Lille M\u00e9tropole 424 761 419 00045<\/p><p>Directeur de la publication : Octave KLABA<\/p><p>D\u00e9claration aupr\u00e8s de la CNIL et gestion des donn\u00e9es personnelles :<\/p><p>Le site internet www.adipsys.com a fait l\u2019objet d\u2019une d\u00e9claration n\u00b01919544 de traitements des donn\u00e9es personnelles aupr\u00e8s de la Commission Nationale de l\u2019Informatique et des Libert\u00e9s (CNIL), en application de l\u2019article 16 de la loi 78-17 du 6 janvier 1978 relative \u00e0 l\u2019informatique, aux fichiers et aux libert\u00e9s.<\/p><p>La soci\u00e9t\u00e9 ADIPSYS collecte des Donn\u00e9es personnelles en ligne lors des demandes d\u2019informations commerciales ou techniques, pour la diffusion d\u2019informations commerciales et techniques, l\u2019acc\u00e8s au support technique et pour la mise en oeuvre de tests de produits.<br>Vous disposez d\u2019un droit d\u2019acc\u00e8s, de modification, de rectification et de suppression permanent aux donn\u00e9es nominatives vous concernant (art. 34 de la loi \u00ab Informatique et Libert\u00e9s \u00bb du 6 janvier 1978), que vous pouvez exercer par courrier aupr\u00e8s de :<br>ADIPSYS 2405 Route des Dolines 06560 Valbonne<\/p><h2 class=\"wp-block-heading\">Commentaires<\/h2><p>Quand vous laissez un commentaire sur africaspot.net, les donn\u00e9es inscrites dans le formulaire de commentaire, mais aussi votre adresse IP et l\u2019agent utilisateur de votre navigateur sont collect\u00e9s pour nous aider \u00e0 la d\u00e9tection des commentaires ind\u00e9sirables.<\/p><p>Une cha\u00eene anonymis\u00e9e cr\u00e9\u00e9e \u00e0 partir de votre adresse e-mail (\u00e9galement appel\u00e9e hash) peut \u00eatre envoy\u00e9e au service Gravatar pour v\u00e9rifier si vous utilisez ce dernier. Les clauses de confidentialit\u00e9 du service Gravatar sont disponibles ici&nbsp;: https:\/\/automattic.com\/privacy\/. Apr\u00e8s validation de votre commentaire, votre photo de profil sera visible publiquement \u00e0 cot\u00e9 de votre commentaire.<\/p><h2 class=\"wp-block-heading\">M\u00e9dias<\/h2><p>Si vous t\u00e9l\u00e9versez des images sur le site, nous vous conseillons d\u2019\u00e9viter de t\u00e9l\u00e9verser des images contenant des donn\u00e9es EXIF de coordonn\u00e9es GPS. Les personnes visitant votre site peuvent t\u00e9l\u00e9charger et extraire des donn\u00e9es de localisation depuis ces images.<\/p><h2 class=\"wp-block-heading\">Cookies<\/h2><p>Si vous d\u00e9posez un commentaire sur notre site, il vous sera propos\u00e9 d\u2019enregistrer votre nom, adresse e-mail et site dans des cookies. C\u2019est uniquement pour votre confort afin de ne pas avoir \u00e0 saisir ces informations si vous d\u00e9posez un autre commentaire plus tard. Ces cookies expirent au bout d\u2019un an.<\/p><p>Si vous vous rendez sur la page de connexion, un cookie temporaire sera cr\u00e9\u00e9 afin de d\u00e9terminer si votre navigateur accepte les cookies. Il ne contient pas de donn\u00e9es personnelles et sera supprim\u00e9 automatiquement \u00e0 la fermeture de votre navigateur.<\/p><p>Lorsque vous vous connecterez, nous mettrons en place un certain nombre de cookies pour enregistrer vos informations de connexion et vos pr\u00e9f\u00e9rences d\u2019\u00e9cran. La dur\u00e9e de vie d\u2019un cookie de connexion est de deux jours, celle d\u2019un cookie d\u2019option d\u2019\u00e9cran est d\u2019un an. Si vous cochez \u00ab&nbsp;Se souvenir de moi&nbsp;\u00bb, votre cookie de connexion sera conserv\u00e9 pendant deux semaines. Si vous vous d\u00e9connectez de votre compte, le cookie de connexion sera effac\u00e9.<\/p><p>En modifiant ou en publiant une publication, un cookie suppl\u00e9mentaire sera enregistr\u00e9 dans votre navigateur. Ce cookie ne comprend aucune donn\u00e9e personnelle. Il indique simplement l\u2019ID de la publication que vous venez de modifier. Il expire au bout d\u2019un jour.<\/p><h2 class=\"wp-block-heading\">Contenu embarqu\u00e9 depuis d\u2019autres sites<\/h2><p>Les articles de ce site peuvent inclure des contenus int\u00e9gr\u00e9s (par exemple des vid\u00e9os, images, articles\u2026). Le contenu int\u00e9gr\u00e9 depuis d\u2019autres sites se comporte de la m\u00eame mani\u00e8re que si le visiteur se rendait sur cet autre site.<\/p><p>Ces sites web pourraient collecter des donn\u00e9es sur vous, utiliser des cookies, embarquer des outils de suivis tiers, suivre vos interactions avec ces contenus embarqu\u00e9s si vous disposez d\u2019un compte connect\u00e9 sur leur site web.<\/p><h2 class=\"wp-block-heading\">Utilisation et transmission de vos donn\u00e9es personnelles<\/h2><p>Si vous demandez une r\u00e9initialisation de votre mot de passe, votre adresse IP sera incluse dans l\u2019e-mail de r\u00e9initialisation.<\/p><h2 class=\"wp-block-heading\">Dur\u00e9es de stockage de vos donn\u00e9es<\/h2><p>Si vous laissez un commentaire, le commentaire et ses m\u00e9tadonn\u00e9es sont conserv\u00e9s ind\u00e9finiment. Cela permet de reconna\u00eetre et approuver automatiquement les commentaires suivants au lieu de les laisser dans la file de mod\u00e9ration.<\/p><p>Pour les comptes qui s\u2019inscrivent sur notre site (le cas \u00e9ch\u00e9ant), nous stockons \u00e9galement les donn\u00e9es personnelles indiqu\u00e9es dans leur profil. Tous les comptes peuvent voir, modifier ou supprimer leurs informations personnelles \u00e0 tout moment (\u00e0 l\u2019exception de leur identifiant). Les gestionnaires du site peuvent aussi voir et modifier ces informations.<\/p><h2 class=\"wp-block-heading\">Les droits que vous avez sur vos donn\u00e9es<\/h2><p>Si vous avez un compte ou si vous avez laiss\u00e9 des commentaires sur le site, vous pouvez demander \u00e0 recevoir un fichier contenant toutes les donn\u00e9es personnelles que nous poss\u00e9dons \u00e0 votre sujet, incluant celles que vous nous avez fournies. Vous pouvez \u00e9galement demander la suppression des donn\u00e9es personnelles vous concernant. Cela ne prend pas en compte les donn\u00e9es stock\u00e9es \u00e0 des fins administratives, l\u00e9gales ou pour des raisons de s\u00e9curit\u00e9.<\/p><h2 class=\"wp-block-heading\">Transmission de vos donn\u00e9es personnelles<\/h2><p>Les commentaires des visiteurs peuvent \u00eatre v\u00e9rifi\u00e9s \u00e0 l\u2019aide d\u2019un service automatis\u00e9 de d\u00e9tection des commentaires ind\u00e9sirables.<\/p>","protected":false},"excerpt":{"rendered":"<p>Qui sommes-nous&nbsp;? L\u2019adresse de notre site est&nbsp;: https:\/\/www.africaspot.net. AFRICASPOT est une marque de la soci\u00e9t\u00e9 ADIPSYS. La soci\u00e9t\u00e9 Adipsys est une SAS au capital social de 133 110 euros dont le si\u00e8ge social se situe au 2405 Route des Dolines 06560 Valbonne Sophia Antipolis, France. Le si\u00e8ge commercial et administratif se situe au 6 rue&hellip; <a class=\"more-link\" href=\"https:\/\/www.africaspot.net\/index.php\/politique-de-confidentialite\/\">Poursuivre la lecture <span class=\"screen-reader-text\">Mentions l\u00e9gales<\/span><\/a><\/p>\n","protected":false},"author":1,"featured_media":0,"parent":0,"menu_order":0,"comment_status":"closed","ping_status":"open","template":"","meta":{"footnotes":""},"class_list":["post-3","page","type-page","status-publish","hentry","entry"],"_links":{"self":[{"href":"https:\/\/www.africaspot.net\/index.php\/wp-json\/wp\/v2\/pages\/3","targetHints":{"allow":["GET"]}}],"collection":[{"href":"https:\/\/www.africaspot.net\/index.php\/wp-json\/wp\/v2\/pages"}],"about":[{"href":"https:\/\/www.africaspot.net\/index.php\/wp-json\/wp\/v2\/types\/page"}],"author":[{"embeddable":true,"href":"https:\/\/www.africaspot.net\/index.php\/wp-json\/wp\/v2\/users\/1"}],"replies":[{"embeddable":true,"href":"https:\/\/www.africaspot.net\/index.php\/wp-json\/wp\/v2\/comments?post=3"}],"version-history":[{"count":5,"href":"https:\/\/www.africaspot.net\/index.php\/wp-json\/wp\/v2\/pages\/3\/revisions"}],"predecessor-version":[{"id":787,"href":"https:\/\/www.africaspot.net\/index.php\/wp-json\/wp\/v2\/pages\/3\/revisions\/787"}],"wp:attachment":[{"href":"https:\/\/www.africaspot.net\/index.php\/wp-json\/wp\/v2\/media?parent=3"}],"curies":[{"name":"wp","href":"https:\/\/api.w.org\/{rel}","templated":true}]}}